{"id":11,"date":"2022-05-02T09:00:57","date_gmt":"2022-05-02T07:00:57","guid":{"rendered":"https:\/\/www.chateaumontredon.com\/?page_id=11"},"modified":"2024-04-25T20:02:48","modified_gmt":"2024-04-25T18:02:48","slug":"lesprit-mont-redon","status":"publish","type":"page","link":"https:\/\/www.chateaumontredon.com\/en\/lesprit-mont-redon\/","title":{"rendered":"L&rsquo;esprit Mont Redon"},"content":{"rendered":"<div class=\"wpb-content-wrapper\"><div class=\"vc_row wpb_row vc_row-fluid vc_custom_1659967531184\"><div class=\"wpb_column vc_column_container vc_col-sm-12\"><div class=\"vc_column-inner\"><div class=\"wpb_wrapper\">\n\t\t\t<!-- START esprit REVOLUTION SLIDER 6.1.5 --><p class=\"rs-p-wp-fix\"><\/p>\n\t\t\t<rs-module-wrap id=\"rev_slider_2_3_wrapper\" data-source=\"gallery\" style=\"background:transparent;padding:0;margin:0px auto;margin-top:0;margin-bottom:0;\">\n\t\t\t\t<rs-module id=\"rev_slider_2_3\" style=\"display:none;\" data-version=\"6.1.5\">\n\t\t\t\t\t<rs-slides>\n\t\t\t\t\t\t<rs-slide data-key=\"rs-6\" data-title=\"esprit\" data-anim=\"ei:d;eo:d;s:1000;r:0;t:fade;sl:0;\">\n\t\t\t\t\t\t\t<img loading=\"lazy\" decoding=\"async\" src=\"\/\/www.chateaumontredon.com\/wp-content\/uploads\/sites\/3\/2022\/08\/esprit-mont-redon.jpg\" title=\"esprit-mont-redon\" width=\"1920\" height=\"1280\" class=\"rev-slidebg\" data-no-retina>\n<!---->\t\t\t\t\t\t<\/rs-slide>\n\t\t\t\t\t<\/rs-slides>\n\t\t\t\t\t<rs-progress class=\"rs-bottom\" style=\"visibility: hidden !important;\"><\/rs-progress>\n\t\t\t\t<\/rs-module>\n\t\t\t\t<script type=\"text\/javascript\">\n\t\t\t\t\tsetREVStartSize({c: 'rev_slider_2_3',rl:[1240,1024,778,480],el:[900],gw:[1240],gh:[900],layout:'fullwidth',mh:\"0\"});\n\t\t\t\t\tvar\trevapi2,\n\t\t\t\t\t\ttpj;\n\t\t\t\t\tjQuery(function() {\n\t\t\t\t\t\ttpj = jQuery;\n\t\t\t\t\t\tif(tpj(\"#rev_slider_2_3\").revolution == undefined){\n\t\t\t\t\t\t\trevslider_showDoubleJqueryError(\"#rev_slider_2_3\");\n\t\t\t\t\t\t}else{\n\t\t\t\t\t\t\trevapi2 = tpj(\"#rev_slider_2_3\").show().revolution({\n\t\t\t\t\t\t\t\tjsFileLocation:\"\/\/www.chateaumontredon.com\/wp-content\/plugins\/revslider\/public\/assets\/js\/\",\n\t\t\t\t\t\t\t\tsliderLayout:\"fullwidth\",\n\t\t\t\t\t\t\t\tvisibilityLevels:\"1240,1024,778,480\",\n\t\t\t\t\t\t\t\tgridwidth:1240,\n\t\t\t\t\t\t\t\tgridheight:900,\n\t\t\t\t\t\t\t\tminHeight:\"\",\n\t\t\t\t\t\t\t\tspinner:\"spinner0\",\n\t\t\t\t\t\t\t\teditorheight:\"900,768,960,720\",\n\t\t\t\t\t\t\t\tresponsiveLevels:\"1240,1024,778,480\",\n\t\t\t\t\t\t\t\tdisableProgressBar:\"on\",\n\t\t\t\t\t\t\t\tnavigation: {\n\t\t\t\t\t\t\t\t\tonHoverStop:false\n\t\t\t\t\t\t\t\t},\n\t\t\t\t\t\t\t\tfallbacks: {\n\t\t\t\t\t\t\t\t\tallowHTML5AutoPlayOnAndroid:true\n\t\t\t\t\t\t\t\t},\n\t\t\t\t\t\t\t});\n\t\t\t\t\t\t}\n\t\t\t\t\t\t\n\t\t\t\t\t});\n\t\t\t\t<\/script>\n\t\t\t<\/rs-module-wrap>\n\t\t\t<!-- END REVOLUTION SLIDER -->\n<\/div><\/div><\/div><\/div><div class=\"vc_row wpb_row vc_row-fluid\"><div class=\"wpb_column vc_column_container vc_col-sm-12\"><div class=\"vc_column-inner\"><div class=\"wpb_wrapper\"><div class=\"vc_empty_space\"   style=\"height: 50px\"><span class=\"vc_empty_space_inner\"><\/span><\/div><\/div><\/div><\/div><\/div><div class=\"vc_row wpb_row vc_row-fluid\"><div class=\"wpb_column vc_column_container vc_col-sm-12\"><div class=\"vc_column-inner\"><div class=\"wpb_wrapper\"><h1 style=\"text-align: center\" class=\"vc_custom_heading vc_do_custom_heading\" >L'esprit Mont Redon<\/h1><div class=\"vc_separator wpb_content_element vc_separator_align_center vc_sep_width_10 vc_sep_pos_align_center vc_separator_no_text wpb_content_element  wpb_content_element\" ><span class=\"vc_sep_holder vc_sep_holder_l\"><span style=\"border-color:#ae2a30;\" class=\"vc_sep_line\"><\/span><\/span><span class=\"vc_sep_holder vc_sep_holder_r\"><span style=\"border-color:#ae2a30;\" class=\"vc_sep_line\"><\/span><\/span>\n<\/div><div class=\"vc_empty_space\"   style=\"height: 20px\"><span class=\"vc_empty_space_inner\"><\/span><\/div><\/div><\/div><\/div><\/div><div class=\"vc_row wpb_row vc_row-fluid vc_custom_1659956382567 vc_row-o-equal-height vc_row-o-content-middle vc_row-flex\"><div class=\"wpb_column vc_column_container vc_col-sm-8\"><div class=\"vc_column-inner vc_custom_1651498629882\"><div class=\"wpb_wrapper\"><h2 style=\"font-size: 1.5rem;color: #ae2a30;text-align: left\" class=\"vc_custom_heading vc_do_custom_heading uppercase unna\" >Notre savoir-faire<\/h2>\n\t<div class=\"wpb_text_column wpb_content_element\" >\n\t\t<div class=\"wpb_wrapper\">\n\t\t\t<p>Le respect de la moyenne d\u2019\u00e2ge \u00e9lev\u00e9e de nos vignes, les plus vieilles \u00e9tant quasi-centenaires, demande le plus grand soin. Afin d\u2019obtenir le meilleur de notre terroir, nos \u00e9quipes effectuent un travail sur mesure et adapt\u00e9 \u00e0 chaque pied : taille douce et respectueuse des flux de s\u00e8ve, \u00e9bourgeonnage, effeuillage et vendanges en vert si n\u00e9cessaire, d\u00e9sherbage manuel autour de chaque pied\u2026<\/p>\n<p>Lors des vendanges manuelles, un premier tri est effectu\u00e9 dans les vignes et un second tri sur table optique. Apr\u00e8s fermentation, nous \u00e9cartons les vins ne correspondant pas \u00e0 nos crit\u00e8res pour les vendre en vrac. Seuls les meilleurs vins sont conserv\u00e9s pour l\u2019\u00e9levage en cuves et en pi\u00e8ces bourguignonnes. A la fin de l\u2019\u00e9levage, nous poursuivons cette qu\u00eate d\u2019excellence par l\u2019assemblage. Nous proc\u00e9dons \u00e0 la s\u00e9lection ultime et ne retenons que les \u00e9l\u00e9ments qui nous permettent d\u2019\u00e9laborer des vins avec les plus grandes profondeur et harmonie possibles.<\/p>\n\n\t\t<\/div>\n\t<\/div>\n<\/div><\/div><\/div><div class=\"wpb_column vc_column_container vc_col-sm-4\"><div class=\"vc_column-inner\"><div class=\"wpb_wrapper\">\n\t<div  class=\"wpb_single_image wpb_content_element vc_align_center wpb_content_element\">\n\t\t\n\t\t<figure class=\"wpb_wrapper vc_figure\">\n\t\t\t<div class=\"vc_single_image-wrapper   vc_box_border_grey\"><img loading=\"lazy\" decoding=\"async\" width=\"800\" height=\"921\" src=\"https:\/\/www.chateaumontredon.com\/wp-content\/uploads\/sites\/3\/2022\/08\/savoir-faire-2.jpg\" class=\"vc_single_image-img attachment-full\" alt=\"\" title=\"savoir-faire-2\" \/><\/div>\n\t\t<\/figure>\n\t<\/div>\n<\/div><\/div><\/div><\/div><div data-vc-full-width=\"true\" data-vc-full-width-temp=\"true\" data-vc-full-width-init=\"false\" class=\"vc_row wpb_row vc_row-fluid vc_custom_1659956330594 vc_row-has-fill\"><div class=\"wpb_column vc_column_container vc_col-sm-12\"><div class=\"vc_column-inner\"><div class=\"wpb_wrapper\"><\/div><\/div><\/div><\/div><div class=\"vc_row-full-width vc_clearfix\"><\/div><div class=\"vc_row wpb_row vc_row-fluid vc_custom_1659956356121 vc_row-o-equal-height vc_row-o-content-middle vc_row-flex\"><div class=\"wpb_column vc_column_container vc_col-sm-4\"><div class=\"vc_column-inner\"><div class=\"wpb_wrapper\">\n\t<div  class=\"wpb_single_image wpb_content_element vc_align_center wpb_content_element\">\n\t\t\n\t\t<figure class=\"wpb_wrapper vc_figure\">\n\t\t\t<div class=\"vc_single_image-wrapper   vc_box_border_grey\"><img loading=\"lazy\" decoding=\"async\" width=\"800\" height=\"921\" src=\"https:\/\/www.chateaumontredon.com\/wp-content\/uploads\/sites\/3\/2022\/08\/abeille-ruche.jpg\" class=\"vc_single_image-img attachment-full\" alt=\"\" title=\"abeille-ruche\" \/><\/div>\n\t\t<\/figure>\n\t<\/div>\n<\/div><\/div><\/div><div class=\"wpb_column vc_column_container vc_col-sm-8\"><div class=\"vc_column-inner vc_custom_1651498642683\"><div class=\"wpb_wrapper\"><h2 style=\"font-size: 1.5rem;color: #ae2a30;text-align: left\" class=\"vc_custom_heading vc_do_custom_heading uppercase unna\" >Nature et environnement<\/h2>\n\t<div class=\"wpb_text_column wpb_content_element\" >\n\t\t<div class=\"wpb_wrapper\">\n\t\t\t<p>Etre vigneron, c\u2019est s\u2019inscrire dans le temps. Responsables d\u2019un terroir qui a plusieurs millions d\u2019ann\u00e9es, ce sont les vignes plant\u00e9es par nos a\u00efeux qui nous permettent d\u2019\u00e9laborer de grands vins aujourd\u2019hui. Forts de ces valeurs de transmission, nous savons que nous plantons aujourd\u2019hui les vignes pour les g\u00e9n\u00e9rations de demain.<\/p>\n<p>Nos pratiques agricoles sont orient\u00e9es vers une vision \u00e0 long terme de pr\u00e9servation de notre environnement : repos de la terre entre deux plantations avec des couverts v\u00e9g\u00e9taux mellif\u00e8res, retour au travail du sol int\u00e9gral, mise en valeur du travail manuel, recyclage de nos eaux us\u00e9es sur lit roseaux plantation d\u2019essences v\u00e9g\u00e9tales traditionnelles du paysage proven\u00e7al \u2026<br \/>\nEn 2018, le Ch\u00e2teau Mont-Redon a obtenu la certification de Haute Valeur Environnementale de niveau 3.<\/p>\n\n\t\t<\/div>\n\t<\/div>\n<\/div><\/div><\/div><\/div><div data-vc-full-width=\"true\" data-vc-full-width-temp=\"true\" data-vc-full-width-init=\"false\" class=\"vc_row wpb_row vc_row-fluid vc_custom_1659956340745 vc_row-has-fill\"><div class=\"wpb_column vc_column_container vc_col-sm-12\"><div class=\"vc_column-inner\"><div class=\"wpb_wrapper\"><\/div><\/div><\/div><\/div><div class=\"vc_row-full-width vc_clearfix\"><\/div><div class=\"vc_row wpb_row vc_row-fluid vc_custom_1659956407745 vc_row-o-content-middle vc_row-flex\"><div class=\"wpb_column vc_column_container vc_col-sm-8\"><div class=\"vc_column-inner\"><div class=\"wpb_wrapper\"><div class=\"vc_empty_space\"   style=\"height: 32px\"><span class=\"vc_empty_space_inner\"><\/span><\/div><h2 style=\"font-size: 1.5rem;color: #ae2a30;text-align: left\" class=\"vc_custom_heading vc_do_custom_heading uppercase unna\" >Notre philosophie<\/h2>\n\t<div class=\"wpb_text_column wpb_content_element\" >\n\t\t<div class=\"wpb_wrapper\">\n\t\t\t<p>Le Ch\u00e2teau Mont-Redon a toujours, au fil des g\u00e9n\u00e9rations, vis\u00e9 l\u2019excellence.<br \/>\nApporter le plus grand soin \u00e0 nos vignes et \u00e0 la terre est non seulement une forme de respect mais une \u00e9vidence pour nous. Chaque jour, c\u2019est avec patience et passion que nous cultivons nos vignes selon le rythme de la nature et dans le respect de notre terroir d\u2019exception.<br \/>\nAu chai, les vinifications sont peu interventionnistes mais pr\u00e9cises. La priorit\u00e9 est donn\u00e9e \u00e0 l\u2019expression des diff\u00e9rents terroirs et \u00e0 la juste maturit\u00e9 des raisins. Pas de rythme impos\u00e9, c\u2019est le vin qui donne le tempo et dicte sa loi pour l\u2019\u00e9levage.<\/p>\n<p>Cette qu\u00eate d\u2019excellence se traduit dans l\u2019histoire du domaine mais aussi dans la culture familiale par la recherche continuelle d\u2019innovation et de perfectionnement afin d\u2019exprimer mill\u00e9sime apr\u00e8s mill\u00e9sime, avec une grande constance, l\u2019\u00e2me de Mont-Redon.<\/p>\n\n\t\t<\/div>\n\t<\/div>\n<\/div><\/div><\/div><div class=\"wpb_column vc_column_container vc_col-sm-4\"><div class=\"vc_column-inner\"><div class=\"wpb_wrapper\">\n\t<div  class=\"wpb_single_image wpb_content_element vc_align_center wpb_content_element\">\n\t\t\n\t\t<figure class=\"wpb_wrapper vc_figure\">\n\t\t\t<div class=\"vc_single_image-wrapper   vc_box_border_grey\"><img loading=\"lazy\" decoding=\"async\" width=\"800\" height=\"921\" src=\"https:\/\/www.chateaumontredon.com\/wp-content\/uploads\/sites\/3\/2022\/08\/philosophie.jpg\" class=\"vc_single_image-img attachment-full\" alt=\"\" title=\"philosophie\" \/><\/div>\n\t\t<\/figure>\n\t<\/div>\n<\/div><\/div><\/div><\/div>\n<\/div>"},"excerpt":{"rendered":"L'esprit Mont Redon Notre savoir-faire Le respect de la moyenne d\u2019\u00e2ge \u00e9lev\u00e9e de nos vignes, les [...]","protected":false},"author":1,"featured_media":0,"parent":0,"menu_order":0,"comment_status":"closed","ping_status":"closed","template":"","meta":{"footnotes":""},"class_list":["post-11","page","type-page","status-publish","hentry"],"yoast_head":"<!-- This site is optimized with the Yoast SEO plugin v27.2 - https:\/\/yoast.com\/product\/yoast-seo-wordpress\/ -->\n<title>L&#039;esprit Mont Redon - Ch\u00e2teau Mont-Redon<\/title>\n<meta name=\"robots\" content=\"index, follow, max-snippet:-1, max-image-preview:large, max-video-preview:-1\" \/>\n<link rel=\"canonical\" href=\"https:\/\/www.chateaumontredon.com\/en\/lesprit-mont-redon\/\" \/>\n<meta property=\"og:locale\" content=\"en_GB\" \/>\n<meta property=\"og:type\" content=\"article\" \/>\n<meta property=\"og:title\" content=\"L&#039;esprit Mont Redon - Ch\u00e2teau Mont-Redon\" \/>\n<meta property=\"og:url\" content=\"https:\/\/www.chateaumontredon.com\/en\/lesprit-mont-redon\/\" \/>\n<meta property=\"og:site_name\" content=\"Ch\u00e2teau Mont-Redon\" \/>\n<meta property=\"article:modified_time\" content=\"2024-04-25T18:02:48+00:00\" \/>\n<meta name=\"twitter:card\" content=\"summary_large_image\" \/>\n<meta name=\"twitter:label1\" content=\"Estimated reading time\" \/>\n\t<meta name=\"twitter:data1\" content=\"4 minutes\" \/>\n<!-- \/ Yoast SEO plugin. -->","yoast_head_json":{"title":"L'esprit Mont Redon - Ch\u00e2teau Mont-Redon","robots":{"index":"index","follow":"follow","max-snippet":"max-snippet:-1","max-image-preview":"max-image-preview:large","max-video-preview":"max-video-preview:-1"},"canonical":"https:\/\/www.chateaumontredon.com\/en\/lesprit-mont-redon\/","og_locale":"en_GB","og_type":"article","og_title":"L'esprit Mont Redon - Ch\u00e2teau Mont-Redon","og_url":"https:\/\/www.chateaumontredon.com\/en\/lesprit-mont-redon\/","og_site_name":"Ch\u00e2teau Mont-Redon","article_modified_time":"2024-04-25T18:02:48+00:00","twitter_card":"summary_large_image","twitter_misc":{"Estimated reading time":"4 minutes"},"schema":{"@context":"https:\/\/schema.org","@graph":[{"@type":"WebPage","@id":"https:\/\/www.chateaumontredon.com\/lesprit-mont-redon\/","url":"https:\/\/www.chateaumontredon.com\/lesprit-mont-redon\/","name":"L'esprit Mont Redon - Ch\u00e2teau Mont-Redon","isPartOf":{"@id":"https:\/\/www.chateaumontredon.com\/#website"},"datePublished":"2022-05-02T07:00:57+00:00","dateModified":"2024-04-25T18:02:48+00:00","inLanguage":"en-GB","potentialAction":[{"@type":"ReadAction","target":["https:\/\/www.chateaumontredon.com\/lesprit-mont-redon\/"]}]},{"@type":"WebSite","@id":"https:\/\/www.chateaumontredon.com\/#website","url":"https:\/\/www.chateaumontredon.com\/","name":"Ch\u00e2teau Mont-Redon","description":"Chateauneuf-du-P\u00e2pe","publisher":{"@id":"https:\/\/www.chateaumontredon.com\/#organization"},"inLanguage":"en-GB"},{"@type":"Organization","@id":"https:\/\/www.chateaumontredon.com\/#organization","name":"Ch\u00e2teau Mont-Redon","url":"https:\/\/www.chateaumontredon.com\/","logo":{"@type":"ImageObject","inLanguage":"en-GB","@id":"https:\/\/www.chateaumontredon.com\/#\/schema\/logo\/image\/","url":"https:\/\/www.chateaumontredon.com\/wp-content\/uploads\/sites\/3\/2022\/05\/logo-mont-redon.jpg","contentUrl":"https:\/\/www.chateaumontredon.com\/wp-content\/uploads\/sites\/3\/2022\/05\/logo-mont-redon.jpg","width":600,"height":281,"caption":"Ch\u00e2teau Mont-Redon"},"image":{"@id":"https:\/\/www.chateaumontredon.com\/#\/schema\/logo\/image\/"}}]}},"_links":{"self":[{"href":"https:\/\/www.chateaumontredon.com\/en\/wp-json\/wp\/v2\/pages\/11","targetHints":{"allow":["GET"]}}],"collection":[{"href":"https:\/\/www.chateaumontredon.com\/en\/wp-json\/wp\/v2\/pages"}],"about":[{"href":"https:\/\/www.chateaumontredon.com\/en\/wp-json\/wp\/v2\/types\/page"}],"author":[{"embeddable":true,"href":"https:\/\/www.chateaumontredon.com\/en\/wp-json\/wp\/v2\/users\/1"}],"replies":[{"embeddable":true,"href":"https:\/\/www.chateaumontredon.com\/en\/wp-json\/wp\/v2\/comments?post=11"}],"version-history":[{"count":29,"href":"https:\/\/www.chateaumontredon.com\/en\/wp-json\/wp\/v2\/pages\/11\/revisions"}],"predecessor-version":[{"id":194,"href":"https:\/\/www.chateaumontredon.com\/en\/wp-json\/wp\/v2\/pages\/11\/revisions\/194"}],"wp:attachment":[{"href":"https:\/\/www.chateaumontredon.com\/en\/wp-json\/wp\/v2\/media?parent=11"}],"curies":[{"name":"wp","href":"https:\/\/api.w.org\/{rel}","templated":true}]}}