{"id":241,"date":"2022-08-25T11:11:51","date_gmt":"2022-08-25T09:11:51","guid":{"rendered":"https:\/\/www.chateaumontredon.com\/?page_id=241"},"modified":"2023-02-21T16:35:01","modified_gmt":"2023-02-21T15:35:01","slug":"mentions-legales","status":"publish","type":"page","link":"https:\/\/www.chateaumontredon.com\/en\/mentions-legales\/","title":{"rendered":"Legal terms"},"content":{"rendered":"<div class=\"wpb-content-wrapper\"><div class=\"vc_row wpb_row vc_row-fluid\"><div class=\"wpb_column vc_column_container vc_col-sm-12\"><div class=\"vc_column-inner\"><div class=\"wpb_wrapper\"><div class=\"vc_empty_space\"   style=\"height: 32px\"><span class=\"vc_empty_space_inner\"><\/span><\/div><h1 style=\"color: #000000;text-align: left\" class=\"vc_custom_heading vc_do_custom_heading\" >Legal terms<\/h1><div class=\"vc_separator wpb_content_element vc_separator_align_center vc_sep_width_10 vc_sep_pos_align_left vc_separator_no_text wpb_content_element  wpb_content_element\" ><span class=\"vc_sep_holder vc_sep_holder_l\"><span style=\"border-color:#ae2a30;\" class=\"vc_sep_line\"><\/span><\/span><span class=\"vc_sep_holder vc_sep_holder_r\"><span style=\"border-color:#ae2a30;\" class=\"vc_sep_line\"><\/span><\/span>\n<\/div><\/div><\/div><\/div><\/div><div class=\"vc_row wpb_row vc_row-fluid\"><div class=\"wpb_column vc_column_container vc_col-sm-12\"><div class=\"vc_column-inner\"><div class=\"wpb_wrapper\">\n\t<div class=\"wpb_text_column wpb_content_element\" >\n\t\t<div class=\"wpb_wrapper\">\n\t\t\t<h5 style=\"text-align: left;\">The website www.chateaumontredon.com is administered by<\/h5>\n<p style=\"text-align: left;\">&#8211; Ch\u00e2teau Mont-Redon<br \/>\n&#8211; Siren : 783223563<br \/>\n&#8211; Code APE 0121Z &#8211; Adresse: BP 10 &#8211; 84231 CHATEAUNEUF DU PAPE<br \/>\n- Phone number: +33 4 90 83 72 75<br \/>\n- Email address: contact@chateaumontredon.fr<br \/>\n- Publishing Director is Pierre Fabre<\/p>\n<h5 style=\"text-align: left;\">Intellectual property<\/h5>\n<p style=\"text-align: left;\">- All the elements of the website (pictures, graphic images, logos, animations, modelled items...), as well as the technological elements (administration back-office, proposed services...) are protected by Copyright and are the exclusive property of Ch\u00e2teau Mont-Redon.<\/p>\n<h5 style=\"text-align: left;\">Guarantees<\/h5>\n<p>In accordance with Article 62 of the AGEC law adopted on February 10, 2020, the Seller is in compliance with the principles of Extended Producer Responsibility. The ADEME number of the Seller is FR206334_01RIIB. This number is for the sole use of the Seller.<\/p>\n<h5 style=\"text-align: left;\">Contents<\/h5>\n<p style=\"text-align: left;\">Contents of the published website were elaborated with the greatest care. As such, no illicit or defamatory content is displayed on it. In addition, they do not present any character which can be considered as \"misleading publicity\" within the meaning of articles 121-1 and following of the Code of the Consumption.<\/p>\n<h5 style=\"text-align: left;\">Data protection and privacy<\/h5>\n<p style=\"text-align: left;\">In accordance with recommendation 2005-284 of the CNIL, this website has been declared as such. Receipt N48 under number 1666838 v 0 dated 16\/04\/2013.<br \/>\nIn accordance with Articles 38 and 40 of Law 2004-801 of 06\/08\/2004 and the RPGD law dated from 2018 May 25th, Internet users can access, rectify, and delete personal information.<br \/>\nThese rights can be exercised at any time online by sending an email to contact@chateaumontredon.fr or by contacting SA Ch\u00e2teau Mont-Redon at the address below:<br \/>\nCh\u00e2teau Mont-Redon<br \/>\nBP10 84231 Chateauneuf-du-Pape<\/p>\n<h5>Web Hosting<\/h5>\n<p style=\"text-align: left;\">OVH<\/p>\n<h5 style=\"text-align: left;\">Pictures credits<\/h5>\n<p style=\"text-align: left;\">- The pictures credit of the website is provided by SA Ch\u00e2teau Mont-Redon or SAS Saint-Martin<\/p>\n\n\t\t<\/div>\n\t<\/div>\n<\/div><\/div><\/div><\/div><div class=\"vc_row wpb_row vc_row-fluid\"><div class=\"wpb_column vc_column_container vc_col-sm-12\"><div class=\"vc_column-inner\"><div class=\"wpb_wrapper\"><div class=\"vc_empty_space\"   style=\"height: 50px\"><span class=\"vc_empty_space_inner\"><\/span><\/div><\/div><\/div><\/div><\/div>\n<\/div>"},"excerpt":{"rendered":"Mentions l\u00e9gales Le site www.chateaumontredon.com est administr\u00e9 par - Ch\u00e2teau Mont-Redon - Siren : 783223563 - [...]","protected":false},"author":1,"featured_media":0,"parent":0,"menu_order":0,"comment_status":"closed","ping_status":"closed","template":"","meta":{"footnotes":""},"class_list":["post-241","page","type-page","status-publish","hentry"],"yoast_head":"<!-- This site is optimized with the Yoast SEO plugin v27.2 - https:\/\/yoast.com\/product\/yoast-seo-wordpress\/ -->\n<title>Mentions l\u00e9gales - Ch\u00e2teau Mont-Redon<\/title>\n<meta name=\"robots\" content=\"index, follow, max-snippet:-1, max-image-preview:large, max-video-preview:-1\" \/>\n<link rel=\"canonical\" href=\"https:\/\/www.chateaumontredon.com\/en\/mentions-legales\/\" \/>\n<meta property=\"og:locale\" content=\"en_GB\" \/>\n<meta property=\"og:type\" content=\"article\" \/>\n<meta property=\"og:title\" content=\"Mentions l\u00e9gales - Ch\u00e2teau Mont-Redon\" \/>\n<meta property=\"og:url\" content=\"https:\/\/www.chateaumontredon.com\/en\/mentions-legales\/\" \/>\n<meta property=\"og:site_name\" content=\"Ch\u00e2teau Mont-Redon\" \/>\n<meta property=\"article:modified_time\" content=\"2023-02-21T15:35:01+00:00\" \/>\n<meta name=\"twitter:card\" content=\"summary_large_image\" \/>\n<meta name=\"twitter:label1\" content=\"Estimated reading time\" \/>\n\t<meta name=\"twitter:data1\" content=\"2 minutes\" \/>\n<!-- \/ Yoast SEO plugin. -->","yoast_head_json":{"title":"Mentions l\u00e9gales - Ch\u00e2teau Mont-Redon","robots":{"index":"index","follow":"follow","max-snippet":"max-snippet:-1","max-image-preview":"max-image-preview:large","max-video-preview":"max-video-preview:-1"},"canonical":"https:\/\/www.chateaumontredon.com\/en\/mentions-legales\/","og_locale":"en_GB","og_type":"article","og_title":"Mentions l\u00e9gales - Ch\u00e2teau Mont-Redon","og_url":"https:\/\/www.chateaumontredon.com\/en\/mentions-legales\/","og_site_name":"Ch\u00e2teau Mont-Redon","article_modified_time":"2023-02-21T15:35:01+00:00","twitter_card":"summary_large_image","twitter_misc":{"Estimated reading time":"2 minutes"},"schema":{"@context":"https:\/\/schema.org","@graph":[{"@type":"WebPage","@id":"https:\/\/www.chateaumontredon.com\/mentions-legales\/","url":"https:\/\/www.chateaumontredon.com\/mentions-legales\/","name":"Mentions l\u00e9gales - Ch\u00e2teau Mont-Redon","isPartOf":{"@id":"https:\/\/www.chateaumontredon.com\/#website"},"datePublished":"2022-08-25T09:11:51+00:00","dateModified":"2023-02-21T15:35:01+00:00","inLanguage":"en-GB","potentialAction":[{"@type":"ReadAction","target":["https:\/\/www.chateaumontredon.com\/mentions-legales\/"]}]},{"@type":"WebSite","@id":"https:\/\/www.chateaumontredon.com\/#website","url":"https:\/\/www.chateaumontredon.com\/","name":"Ch\u00e2teau Mont-Redon","description":"Chateauneuf-du-P\u00e2pe","publisher":{"@id":"https:\/\/www.chateaumontredon.com\/#organization"},"inLanguage":"en-GB"},{"@type":"Organization","@id":"https:\/\/www.chateaumontredon.com\/#organization","name":"Ch\u00e2teau Mont-Redon","url":"https:\/\/www.chateaumontredon.com\/","logo":{"@type":"ImageObject","inLanguage":"en-GB","@id":"https:\/\/www.chateaumontredon.com\/#\/schema\/logo\/image\/","url":"https:\/\/www.chateaumontredon.com\/wp-content\/uploads\/sites\/3\/2022\/05\/logo-mont-redon.jpg","contentUrl":"https:\/\/www.chateaumontredon.com\/wp-content\/uploads\/sites\/3\/2022\/05\/logo-mont-redon.jpg","width":600,"height":281,"caption":"Ch\u00e2teau Mont-Redon"},"image":{"@id":"https:\/\/www.chateaumontredon.com\/#\/schema\/logo\/image\/"}}]}},"_links":{"self":[{"href":"https:\/\/www.chateaumontredon.com\/en\/wp-json\/wp\/v2\/pages\/241","targetHints":{"allow":["GET"]}}],"collection":[{"href":"https:\/\/www.chateaumontredon.com\/en\/wp-json\/wp\/v2\/pages"}],"about":[{"href":"https:\/\/www.chateaumontredon.com\/en\/wp-json\/wp\/v2\/types\/page"}],"author":[{"embeddable":true,"href":"https:\/\/www.chateaumontredon.com\/en\/wp-json\/wp\/v2\/users\/1"}],"replies":[{"embeddable":true,"href":"https:\/\/www.chateaumontredon.com\/en\/wp-json\/wp\/v2\/comments?post=241"}],"version-history":[{"count":9,"href":"https:\/\/www.chateaumontredon.com\/en\/wp-json\/wp\/v2\/pages\/241\/revisions"}],"predecessor-version":[{"id":399,"href":"https:\/\/www.chateaumontredon.com\/en\/wp-json\/wp\/v2\/pages\/241\/revisions\/399"}],"wp:attachment":[{"href":"https:\/\/www.chateaumontredon.com\/en\/wp-json\/wp\/v2\/media?parent=241"}],"curies":[{"name":"wp","href":"https:\/\/api.w.org\/{rel}","templated":true}]}}