{"id":7,"date":"2022-05-02T08:58:33","date_gmt":"2022-05-02T06:58:33","guid":{"rendered":"https:\/\/www.chateaumontredon.com\/?page_id=7"},"modified":"2024-07-15T13:58:33","modified_gmt":"2024-07-15T11:58:33","slug":"histoire-famille","status":"publish","type":"page","link":"https:\/\/www.chateaumontredon.com\/en\/histoire-famille\/","title":{"rendered":"History &amp; Family"},"content":{"rendered":"<div class=\"wpb-content-wrapper\"><div class=\"vc_row wpb_row vc_row-fluid\"><div class=\"wpb_column vc_column_container vc_col-sm-12\"><div class=\"vc_column-inner\"><div class=\"wpb_wrapper\"><div class=\"vc_empty_space\"   style=\"height: 50px\"><span class=\"vc_empty_space_inner\"><\/span><\/div><\/div><\/div><\/div><\/div><div class=\"vc_row wpb_row vc_row-fluid\"><div class=\"wpb_column vc_column_container vc_col-sm-12\"><div class=\"vc_column-inner\"><div class=\"wpb_wrapper\"><h1 style=\"text-align: center\" class=\"vc_custom_heading vc_do_custom_heading\" >History &amp; Family<\/h1><div class=\"vc_separator wpb_content_element vc_separator_align_center vc_sep_width_10 vc_sep_pos_align_center vc_separator_no_text wpb_content_element  wpb_content_element\" ><span class=\"vc_sep_holder vc_sep_holder_l\"><span style=\"border-color:#ae2a30;\" class=\"vc_sep_line\"><\/span><\/span><span class=\"vc_sep_holder vc_sep_holder_r\"><span style=\"border-color:#ae2a30;\" class=\"vc_sep_line\"><\/span><\/span>\n<\/div><\/div><\/div><\/div><\/div><div class=\"vc_row wpb_row vc_row-fluid\"><div class=\"wpb_column vc_column_container vc_col-sm-12\"><div class=\"vc_column-inner\"><div class=\"wpb_wrapper\">\n\t<div class=\"wpb_text_column wpb_content_element\" >\n\t\t<div class=\"wpb_wrapper\">\n\t\t\t<h5 style=\"text-align: center;\">The first vines in the vineyard date back to Roman times,<br \/>\nthey were planted in the shelter of the mistral wind at the bottom of a little bumpy hill which gave the name of Mont-Redon to our property.<\/h5>\n\n\t\t<\/div>\n\t<\/div>\n<div class=\"vc_empty_space\"   style=\"height: 32px\"><span class=\"vc_empty_space_inner\"><\/span><\/div><\/div><\/div><\/div><\/div><div class=\"vc_row wpb_row vc_row-fluid vc_row-o-equal-height vc_row-o-content-middle vc_row-flex\"><div class=\"wpb_column vc_column_container vc_col-sm-6 vc_col-has-fill\"><div class=\"vc_column-inner vc_custom_1659950508293\"><div class=\"wpb_wrapper\"><\/div><\/div><\/div><div class=\"wpb_column vc_column_container vc_col-sm-6\"><div class=\"vc_column-inner vc_custom_1720103782149\"><div class=\"wpb_wrapper\"><div class=\"vc_empty_space\"   style=\"height: 32px\"><span class=\"vc_empty_space_inner\"><\/span><\/div><h2 style=\"font-size: 1.5rem;color: #ae2a30;text-align: left\" class=\"vc_custom_heading vc_do_custom_heading uppercase unna\" >HISTORY OF THE VINEYARD<\/h2>\n\t<div class=\"wpb_text_column wpb_content_element\" >\n\t\t<div class=\"wpb_wrapper\">\n\t\t\t<p>Mont-Redon is the locality of our vineyard since Antiquity. The topography of the \"round mountain\" located at the bottom of the estate inspired the Romans who called it \"Montem Rotundum\", translated today as Mont-Redon. In the year 1344, the vineyard belonged to the Episcopal see and its terroir was then farmed for its own wines. In the 18th century, this land became the property of the Astier-Mathieu family. Anselme Mathieu, a famous Proven\u00e7al poet known as F\u00e9libre who called himself Marquis de Mont-Redon, ran the estate until the end of the 19th century. After the phylloxera crisis, when everything had to be rebuilt and recreated, Henri Plantin decided in 1923 to purchase the estate, which at that time consisted in only 2.5 hectares of vines.<\/p>\n\n\t\t<\/div>\n\t<\/div>\n<\/div><\/div><\/div><\/div><div class=\"vc_row wpb_row vc_row-fluid vc_rtl-columns-reverse vc_row-o-equal-height vc_row-o-content-middle vc_row-flex\"><div class=\"column-left wpb_column vc_column_container vc_col-sm-6\"><div class=\"vc_column-inner vc_custom_1720102031452\"><div class=\"wpb_wrapper\"><h2 style=\"font-size: 1.5rem;color: #ae2a30;text-align: left\" class=\"vc_custom_heading vc_do_custom_heading uppercase unna\" >FIRST PLANTATIONS<\/h2>\n\t<div class=\"wpb_text_column wpb_content_element\" >\n\t\t<div class=\"wpb_wrapper\">\n\t\t\t<p>Planting of the first vines on the plateau of rolled pebbles of Mont-Redon.<\/p>\n\n\t\t<\/div>\n\t<\/div>\n<\/div><\/div><\/div><div class=\"column-right wpb_column vc_column_container vc_col-sm-6 vc_col-has-fill\"><div class=\"vc_column-inner vc_custom_1720099239817\"><div class=\"wpb_wrapper\"><\/div><\/div><\/div><\/div><div class=\"vc_row wpb_row vc_row-fluid vc_rtl-columns-reverse vc_row-o-equal-height vc_row-o-content-middle vc_row-flex\"><div class=\"wpb_column vc_column_container vc_col-sm-6 vc_col-has-fill\"><div class=\"vc_column-inner vc_custom_1663081504585\"><div class=\"wpb_wrapper\"><\/div><\/div><\/div><div class=\"wpb_column vc_column_container vc_col-sm-6\"><div class=\"vc_column-inner vc_custom_1720102172741\"><div class=\"wpb_wrapper\"><h2 style=\"font-size: 1.5rem;color: #ae2a30;text-align: left\" class=\"vc_custom_heading vc_do_custom_heading uppercase unna\" >Vine pruning<\/h2>\n\t<div class=\"wpb_text_column wpb_content_element\" >\n\t\t<div class=\"wpb_wrapper\">\n\t\t\t<p>Traditional bush-vines goblet pruning has shaped our vines over the years for a century. The goblet pruning, very respectful of the sap flow, which we practice from generation to generation ensures the longevity of our vineyard. The oldest vines of the estate are almost a century old; they were planted by our ancestor Henri Plantin.<\/p>\n\n\t\t<\/div>\n\t<\/div>\n<\/div><\/div><\/div><\/div><div class=\"vc_row wpb_row vc_row-fluid vc_rtl-columns-reverse vc_row-o-equal-height vc_row-o-content-middle vc_row-flex\"><div class=\"column-left wpb_column vc_column_container vc_col-sm-6\"><div class=\"vc_column-inner vc_custom_1720104011335\"><div class=\"wpb_wrapper\"><h2 style=\"font-size: 1.5rem;color: #ae2a30;text-align: left\" class=\"vc_custom_heading vc_do_custom_heading uppercase unna\" >THE SENSE OF TERROIR FOR 4 GENERATIONS<\/h2><div class=\"vc_empty_space\"   style=\"height: 15px\"><span class=\"vc_empty_space_inner\"><\/span><\/div>\n\t<div class=\"wpb_text_column wpb_content_element\" id=\"part1\">\n\t\t<div class=\"wpb_wrapper\">\n\t\t\t<p class=\"p1\">Henri Plantin (1890 \u2013 1966) acted as a precursor. In 1923, long before the creation of the Ch\u00e2teauneuf-du-Pape Appellation in 1936, he acquired Mont-Redon. The property was isolated from the village and surrounded by woods. A visionary, he set out to group the different plots around the estate and sensed the exceptional nature of the terroirs that would create and define our identity: fine sands (safres), limestone and rolled pebbles on our majestic Plateau. Henri Plantin undertook the first plantations on the plateau; a titanic work to bring to light one of the most beautiful terroirs of the appellation.<\/p>\n<p class=\"p1\">The following generations contributed, progressively, to extending the estate up to 100 contiguous hectares, proudly making it the largest estate of Ch\u00e2teauneuf-du-Pape appellation.<\/p>\n<p class=\"p1\">From the 1950s the family took the plunge and started to explore overseas countries. Our first export market was the USA. Even today, we are fortunate to have importers around the world who have followed us since the 1960s.<span id=\"dotpoint\">&#8230; <\/span><span id=\"point\">.<\/span><\/p>\n\n\t\t<\/div>\n\t<\/div>\n<div class=\"vc_btn3-container vc_btn3-right vc_do_btn\" id=\"lireSuite\" ><button class=\"vc_general vc_btn3 vc_btn3-size-sm vc_btn3-shape-square vc_btn3-style-flat vc_btn3-color-black\">See more<\/button><\/div>\n\t<div class=\"wpb_text_column wpb_content_element\" id=\"part2\">\n\t\t<div class=\"wpb_wrapper\">\n\t\t\t<p class=\"p1\"><span><\/span><\/p>\n<p class=\"p1\">In 1980, the estate expanded with the acquisition of a 15 hectares vineyard in C\u00f4tes-du-Rh\u00f4ne appellation, followed by another 35 hectares vineyard in Lirac appellation in 1997. They are both located in the village of Roquemaure and are next to each other. In  the beginning of the new millennium, the story continued with the creation of our haute couture wine merchant house called \u00abR\u00e9serve Mont-Redon\u00bb.<\/p>\n<p class=\"p1\">Today, Ch\u00e2teau Mont-Redon is owned by the Plantin family heirs, the Abeille-Fabre family, and is currently run by the 4th generation. Driven by the passion for wine, we inherited the entrepreneurial spirit of our ancestors and created new wines, to name but one, the single estate cuv\u00e9e \u00abLe Plateau de Mont-Redon\u00bb and looked for other great terroirs of our region. The family then acquired the iconic Domaine de l'Oratoire Saint-Martin in Cairanne in 2020, Domaine du Joncier in Lirac in 2022, both organic and biodynamic certified and then in 2024 Domaine Les Amouriers in Vacqueyras also in organic farming.<\/p>\n<p class=\"p1\">Resolutely turned towards the future and aware of our responsibility in regard to climate change, we strive for excellence, cultivate our singularity and our land to transmit it to future generations.<\/p>\n<p class=\"p1\">In 2023, the family was thrilled to celebrated the 100th anniversary of Ch\u00e2teau Mont-Redon: what immense joy, what happiness shared and captured in the following video.<span class=\"Apple-converted-space\">\u00a0 \u00a0<\/span><\/p>\n\n\t\t<\/div>\n\t<\/div>\n\n\t<div class=\"wpb_raw_code wpb_raw_js\" >\n\t\t<div class=\"wpb_wrapper\">\n\t\t\t<script> \n  $(document).ready(function() {\n$(\"#point\").hide();\n     $(\"#part2\").hide();\n            $(\"#lireSuite\").click(function() {\n           $(\"#lireSuite\").hide();\n$(\"#dotpoint\").hide();\n   $(\"#point\").show();\n                $(\"#part2\").show();\n            });\n\n        \n        });\n<\/script>\n\t\t<\/div>\n\t<\/div>\n<div class=\"vc_empty_space\"   style=\"height: 30px\"><span class=\"vc_empty_space_inner\"><\/span><\/div><\/div><\/div><\/div><div class=\"column-right wpb_column vc_column_container vc_col-sm-6 vc_col-has-fill\"><div class=\"vc_column-inner vc_custom_1720102058006\"><div class=\"wpb_wrapper\"><\/div><\/div><\/div><\/div><div class=\"vc_row wpb_row vc_row-fluid vc_custom_1720685963754\"><div class=\"wpb_column vc_column_container vc_col-sm-12\"><div class=\"vc_column-inner vc_custom_1720685973270\"><div class=\"wpb_wrapper\"><div class=\"vc_empty_space\"   style=\"height: 60px\"><span class=\"vc_empty_space_inner\"><\/span><\/div>\n\t<div class=\"wpb_text_column wpb_content_element\" >\n\t\t<div class=\"wpb_wrapper\">\n\t\t\t<h3 style=\"text-align: center;\">Discover our centenary celebration<\/h3>\n\n\t\t<\/div>\n\t<\/div>\n\n\t<div class=\"wpb_video_widget wpb_content_element vc_clearfix   vc_video-aspect-ratio-169 vc_video-el-width-100 vc_video-align-left\" >\n\t\t<div class=\"wpb_wrapper\">\n\t\t\t\n\t\t\t<div class=\"wpb_video_wrapper\"><iframe loading=\"lazy\" title=\"100 Ans Mont-Redon\" width=\"500\" height=\"281\" src=\"https:\/\/www.youtube.com\/embed\/8kjFhi3o5Wo?feature=oembed\" frameborder=\"0\" allow=\"accelerometer; autoplay; clipboard-write; encrypted-media; gyroscope; picture-in-picture; web-share\" referrerpolicy=\"strict-origin-when-cross-origin\" allowfullscreen><\/iframe><\/div>\n\t\t<\/div>\n\t<\/div>\n<\/div><\/div><\/div><\/div>\n<\/div>"},"excerpt":{"rendered":"Histoire &amp; Famille Les premi\u00e8res vignes du vignoble datent de l\u2019\u00e9poque romaine, plant\u00e9es \u00e0 l\u2019abri du [...]","protected":false},"author":1,"featured_media":0,"parent":0,"menu_order":0,"comment_status":"closed","ping_status":"closed","template":"","meta":{"footnotes":""},"class_list":["post-7","page","type-page","status-publish","hentry"],"yoast_head":"<!-- This site is optimized with the Yoast SEO plugin v27.2 - https:\/\/yoast.com\/product\/yoast-seo-wordpress\/ -->\n<title>Histoire &amp; Famille - Ch\u00e2teau Mont-Redon<\/title>\n<meta name=\"robots\" content=\"index, follow, max-snippet:-1, max-image-preview:large, max-video-preview:-1\" \/>\n<link rel=\"canonical\" href=\"https:\/\/www.chateaumontredon.com\/en\/histoire-famille\/\" \/>\n<meta property=\"og:locale\" content=\"en_GB\" \/>\n<meta property=\"og:type\" content=\"article\" \/>\n<meta property=\"og:title\" content=\"Histoire &amp; Famille - Ch\u00e2teau Mont-Redon\" \/>\n<meta property=\"og:url\" content=\"https:\/\/www.chateaumontredon.com\/en\/histoire-famille\/\" \/>\n<meta property=\"og:site_name\" content=\"Ch\u00e2teau Mont-Redon\" \/>\n<meta property=\"article:modified_time\" content=\"2024-07-15T11:58:33+00:00\" \/>\n<meta name=\"twitter:card\" content=\"summary_large_image\" \/>\n<meta name=\"twitter:label1\" content=\"Estimated reading time\" \/>\n\t<meta name=\"twitter:data1\" content=\"4 minutes\" \/>\n<!-- \/ Yoast SEO plugin. -->","yoast_head_json":{"title":"Histoire & Famille - Ch\u00e2teau Mont-Redon","robots":{"index":"index","follow":"follow","max-snippet":"max-snippet:-1","max-image-preview":"max-image-preview:large","max-video-preview":"max-video-preview:-1"},"canonical":"https:\/\/www.chateaumontredon.com\/en\/histoire-famille\/","og_locale":"en_GB","og_type":"article","og_title":"Histoire & Famille - Ch\u00e2teau Mont-Redon","og_url":"https:\/\/www.chateaumontredon.com\/en\/histoire-famille\/","og_site_name":"Ch\u00e2teau Mont-Redon","article_modified_time":"2024-07-15T11:58:33+00:00","twitter_card":"summary_large_image","twitter_misc":{"Estimated reading time":"4 minutes"},"schema":{"@context":"https:\/\/schema.org","@graph":[{"@type":"WebPage","@id":"https:\/\/www.chateaumontredon.com\/histoire-famille\/","url":"https:\/\/www.chateaumontredon.com\/histoire-famille\/","name":"Histoire & Famille - Ch\u00e2teau Mont-Redon","isPartOf":{"@id":"https:\/\/www.chateaumontredon.com\/#website"},"datePublished":"2022-05-02T06:58:33+00:00","dateModified":"2024-07-15T11:58:33+00:00","inLanguage":"en-GB","potentialAction":[{"@type":"ReadAction","target":["https:\/\/www.chateaumontredon.com\/histoire-famille\/"]}]},{"@type":"WebSite","@id":"https:\/\/www.chateaumontredon.com\/#website","url":"https:\/\/www.chateaumontredon.com\/","name":"Ch\u00e2teau Mont-Redon","description":"Chateauneuf-du-P\u00e2pe","publisher":{"@id":"https:\/\/www.chateaumontredon.com\/#organization"},"inLanguage":"en-GB"},{"@type":"Organization","@id":"https:\/\/www.chateaumontredon.com\/#organization","name":"Ch\u00e2teau Mont-Redon","url":"https:\/\/www.chateaumontredon.com\/","logo":{"@type":"ImageObject","inLanguage":"en-GB","@id":"https:\/\/www.chateaumontredon.com\/#\/schema\/logo\/image\/","url":"https:\/\/www.chateaumontredon.com\/wp-content\/uploads\/sites\/3\/2022\/05\/logo-mont-redon.jpg","contentUrl":"https:\/\/www.chateaumontredon.com\/wp-content\/uploads\/sites\/3\/2022\/05\/logo-mont-redon.jpg","width":600,"height":281,"caption":"Ch\u00e2teau Mont-Redon"},"image":{"@id":"https:\/\/www.chateaumontredon.com\/#\/schema\/logo\/image\/"}}]}},"_links":{"self":[{"href":"https:\/\/www.chateaumontredon.com\/en\/wp-json\/wp\/v2\/pages\/7","targetHints":{"allow":["GET"]}}],"collection":[{"href":"https:\/\/www.chateaumontredon.com\/en\/wp-json\/wp\/v2\/pages"}],"about":[{"href":"https:\/\/www.chateaumontredon.com\/en\/wp-json\/wp\/v2\/types\/page"}],"author":[{"embeddable":true,"href":"https:\/\/www.chateaumontredon.com\/en\/wp-json\/wp\/v2\/users\/1"}],"replies":[{"embeddable":true,"href":"https:\/\/www.chateaumontredon.com\/en\/wp-json\/wp\/v2\/comments?post=7"}],"version-history":[{"count":63,"href":"https:\/\/www.chateaumontredon.com\/en\/wp-json\/wp\/v2\/pages\/7\/revisions"}],"predecessor-version":[{"id":622,"href":"https:\/\/www.chateaumontredon.com\/en\/wp-json\/wp\/v2\/pages\/7\/revisions\/622"}],"wp:attachment":[{"href":"https:\/\/www.chateaumontredon.com\/en\/wp-json\/wp\/v2\/media?parent=7"}],"curies":[{"name":"wp","href":"https:\/\/api.w.org\/{rel}","templated":true}]}}